{"id":50,"date":"2018-09-14T13:37:36","date_gmt":"2018-09-14T11:37:36","guid":{"rendered":"http:\/\/polkatravel.webtec.pl\/?page_id=50"},"modified":"2019-02-04T08:19:31","modified_gmt":"2019-02-04T07:19:31","slug":"misja","status":"publish","type":"page","link":"https:\/\/polkatravel.pl\/incentive\/misja\/","title":{"rendered":"Misja"},"content":{"rendered":"<p>[et_pb_section bb_built=&#8221;1&#8243; _builder_version=&#8221;3.15&#8243; background_image=&#8221;https:\/\/polkatravel.pl\/incentive\/wp-content\/uploads\/2019\/01\/MISJA.jpg&#8221; custom_padding=&#8221;2%||2%|&#8221; next_background_color=&#8221;#ffffff&#8221;][et_pb_row _builder_version=&#8221;3.15&#8243; module_alignment=&#8221;center&#8221; custom_css_main_1=&#8221;text-align: center;&#8221; custom_padding=&#8221;6%|||&#8221;][et_pb_column type=&#8221;4_4&#8243;][et_pb_text admin_label=&#8221;Tytu\u0142 strony&#8221; _builder_version=&#8221;3.15&#8243; header_font=&#8221;|600||on|||||&#8221; header_text_align=&#8221;center&#8221; header_text_color=&#8221;#ffffff&#8221; header_font_size=&#8221;42px&#8221; custom_css_main_element=&#8221;display: inline-block;&#8221; background_color=&#8221;rgba(66,66,66,0.87)&#8221; text_orientation=&#8221;center&#8221; custom_padding=&#8221;35px|80px|25px|80px&#8221; header_font_size_last_edited=&#8221;on|phone&#8221; custom_padding_tablet=&#8221;30px|70px|20px|70px&#8221; custom_padding_last_edited=&#8221;on|phone&#8221; custom_padding_phone=&#8221;25px|60px|15px|60px&#8221; header_font_size_phone=&#8221;25px&#8221;]<\/p>\n<h1>Misja<\/h1>\n<p>[\/et_pb_text][\/et_pb_column][\/et_pb_row][\/et_pb_section][et_pb_section bb_built=&#8221;1&#8243; specialty=&#8221;off&#8221; prev_background_color=&#8221;#000000&#8243; _builder_version=&#8221;3.15&#8243; custom_padding=&#8221;2%||2%|&#8221;][et_pb_row][et_pb_column type=&#8221;1_2&#8243;][et_pb_text _builder_version=&#8221;3.15&#8243; text_orientation=&#8221;justified&#8221; text_font_size=&#8221;18px&#8221;]<\/p>\n<p>POLKA TRAVEL powsta\u0142a z<strong> zami\u0142owania do przygody<br \/>\ni niebanalnych Podr\u00f3\u017cy<\/strong>, kt\u00f3re pozwalaj\u0105 na g\u0142\u0119bokie poznanie egzotycznych miejsc i prawdziwe \u201edotkni\u0119cie\u201d tej cz\u0119\u015bci \u015bwiata, w jakiej aktualnie jeste\u015bmy. Nasze podr\u00f3\u017ce budz\u0105 emocje, czasem te ekstremalne, ale dzi\u0119ki temu s\u0105 ciekawe i niezapomniane.<\/p>\n<p>\u015awiat dynamicznie si\u0119 zmienia, powstaj\u0105 nowe, ciekawe miejsca, przestrzenie, kt\u00f3re warto Wam pokaza\u0107, dlatego nieustannie bierzemy udzia\u0142 w mi\u0119dzynarodowych konferencjach, \u015bwiatowych targach bran\u017cowych MICE, misjach poznawczych, wyjazdach Fam Trip, aby wychwyci\u0107 nowo\u015bci, smaczki i m\u00f3c si\u0119 z Wami podzieli\u0107 wiedz\u0105.<\/p>\n<p>Dbamy o Wasze bezpiecze\u0144stwo i etyk\u0119 w biznesie dlatego pracujemy tylko z zaufanymi i posiadaj\u0105cymi licencje partnerami.<\/p>\n<p><strong>Nie b\u0119dziemy Was prowadzi\u0107 utartymi szlakami. Mamy swoje autorskie trasy, unikatowe i ciekawe. Nie lubimy sztampy i rutyny, Wy te\u017c nie? To dobrze trafili\u015bcie.<\/strong><\/p>\n<p>[\/et_pb_text][\/et_pb_column][et_pb_column type=&#8221;1_2&#8243;][et_pb_image _builder_version=&#8221;3.15&#8243; src=&#8221;https:\/\/polkatravel.pl\/incentive\/wp-content\/uploads\/2018\/12\/Etiopia-2011-031.jpg&#8221; \/][\/et_pb_column][\/et_pb_row][\/et_pb_section]<\/p>\n","protected":false},"excerpt":{"rendered":"<p>Misja POLKA TRAVEL powsta\u0142a z zami\u0142owania do przygody&#8230;<\/p>\n","protected":false},"author":2,"featured_media":0,"parent":0,"menu_order":0,"comment_status":"closed","ping_status":"closed","template":"","meta":{"_et_pb_use_builder":"on","_et_pb_old_content":"","_et_gb_content_width":"","footnotes":""},"class_list":["post-50","page","type-page","status-publish","hentry"],"_links":{"self":[{"href":"https:\/\/polkatravel.pl\/incentive\/wp-json\/wp\/v2\/pages\/50"}],"collection":[{"href":"https:\/\/polkatravel.pl\/incentive\/wp-json\/wp\/v2\/pages"}],"about":[{"href":"https:\/\/polkatravel.pl\/incentive\/wp-json\/wp\/v2\/types\/page"}],"author":[{"embeddable":true,"href":"https:\/\/polkatravel.pl\/incentive\/wp-json\/wp\/v2\/users\/2"}],"replies":[{"embeddable":true,"href":"https:\/\/polkatravel.pl\/incentive\/wp-json\/wp\/v2\/comments?post=50"}],"version-history":[{"count":28,"href":"https:\/\/polkatravel.pl\/incentive\/wp-json\/wp\/v2\/pages\/50\/revisions"}],"predecessor-version":[{"id":1594,"href":"https:\/\/polkatravel.pl\/incentive\/wp-json\/wp\/v2\/pages\/50\/revisions\/1594"}],"wp:attachment":[{"href":"https:\/\/polkatravel.pl\/incentive\/wp-json\/wp\/v2\/media?parent=50"}],"curies":[{"name":"wp","href":"https:\/\/api.w.org\/{rel}","templated":true}]}}